{"id":1217,"date":"2022-08-05T12:39:33","date_gmt":"2022-08-05T12:39:33","guid":{"rendered":"https:\/\/homelife.services\/?page_id=1217"},"modified":"2022-08-05T12:51:27","modified_gmt":"2022-08-05T12:51:27","slug":"admin-lille","status":"publish","type":"page","link":"https:\/\/homelife.services\/index.php\/recrutement\/admin-lille\/","title":{"rendered":"Admin Lille"},"content":{"rendered":"\t\t<div data-elementor-type=\"wp-page\" data-elementor-id=\"1217\" class=\"elementor elementor-1217\">\n\t\t\t\t\t\t\t\t\t<section class=\"elementor-section elementor-top-section elementor-element elementor-element-48af8fe elementor-section-boxed elementor-section-height-default elementor-section-height-default\" data-id=\"48af8fe\" data-element_type=\"section\">\n\t\t\t\t\t\t<div class=\"elementor-container elementor-column-gap-default\">\n\t\t\t\t\t<div class=\"elementor-column elementor-col-100 elementor-top-column elementor-element elementor-element-49c024d\" data-id=\"49c024d\" data-element_type=\"column\">\n\t\t\t<div class=\"elementor-widget-wrap elementor-element-populated\">\n\t\t\t\t\t\t\t\t<div class=\"elementor-element elementor-element-cc2d4b9 elementor-widget elementor-widget-heading\" data-id=\"cc2d4b9\" data-element_type=\"widget\" data-widget_type=\"heading.default\">\n\t\t\t\t<div class=\"elementor-widget-container\">\n\t\t\t<style>\/*! elementor - v3.6.7 - 03-07-2022 *\/\n.elementor-heading-title{padding:0;margin:0;line-height:1}.elementor-widget-heading .elementor-heading-title[class*=elementor-size-]>a{color:inherit;font-size:inherit;line-height:inherit}.elementor-widget-heading .elementor-heading-title.elementor-size-small{font-size:15px}.elementor-widget-heading .elementor-heading-title.elementor-size-medium{font-size:19px}.elementor-widget-heading .elementor-heading-title.elementor-size-large{font-size:29px}.elementor-widget-heading .elementor-heading-title.elementor-size-xl{font-size:39px}.elementor-widget-heading .elementor-heading-title.elementor-size-xxl{font-size:59px}<\/style><h2 class=\"elementor-heading-title elementor-size-default\">Assistant(e) administratif<\/h2>\t\t<\/div>\n\t\t\t\t<\/div>\n\t\t\t\t<div class=\"elementor-element elementor-element-168fbde elementor-widget elementor-widget-heading\" data-id=\"168fbde\" data-element_type=\"widget\" data-widget_type=\"heading.default\">\n\t\t\t\t<div class=\"elementor-widget-container\">\n\t\t\t<h4 class=\"elementor-heading-title elementor-size-default\">CDI - Lille<\/h4>\t\t<\/div>\n\t\t\t\t<\/div>\n\t\t\t\t<div class=\"elementor-element elementor-element-aa3f67f elementor-widget elementor-widget-text-editor\" data-id=\"aa3f67f\" data-element_type=\"widget\" data-widget_type=\"text-editor.default\">\n\t\t\t\t<div class=\"elementor-widget-container\">\n\t\t\t<style>\/*! elementor - v3.6.7 - 03-07-2022 *\/\n.elementor-widget-text-editor.elementor-drop-cap-view-stacked .elementor-drop-cap{background-color:#818a91;color:#fff}.elementor-widget-text-editor.elementor-drop-cap-view-framed .elementor-drop-cap{color:#818a91;border:3px solid;background-color:transparent}.elementor-widget-text-editor:not(.elementor-drop-cap-view-default) .elementor-drop-cap{margin-top:8px}.elementor-widget-text-editor:not(.elementor-drop-cap-view-default) .elementor-drop-cap-letter{width:1em;height:1em}.elementor-widget-text-editor .elementor-drop-cap{float:left;text-align:center;line-height:1;font-size:50px}.elementor-widget-text-editor .elementor-drop-cap-letter{display:inline-block}<\/style>\t\t\t\t<p style=\"text-align: center;\">Home Life est la solution Digital du Groupe Resilians, leader Fran\u00e7ais de\u00a0<span style=\"color: var( --e-global-color-text ); font-family: var( --e-global-typography-text-font-family ), Sans-serif; font-size: var( --e-global-typography-text-font-size ); font-style: var( --e-global-typography-text-font-style ); font-weight: var( --e-global-typography-text-font-weight ); letter-spacing: var( --e-global-typography-text-letter-spacing ); text-transform: var( --e-global-typography-text-text-transform ); background-color: var( --e-global-color-c696dce );\">l\u2019intervention apr\u00e8s sinistre.<\/span><\/p><p style=\"text-align: center;\">Nous avons d\u00e9velopp\u00e9 une solution digitale nous permettant de simplifier le\u00a0<span style=\"color: var( --e-global-color-text ); font-family: var( --e-global-typography-text-font-family ), Sans-serif; font-size: var( --e-global-typography-text-font-size ); font-style: var( --e-global-typography-text-font-style ); font-weight: var( --e-global-typography-text-font-weight ); letter-spacing: var( --e-global-typography-text-letter-spacing ); text-transform: var( --e-global-typography-text-text-transform ); background-color: var( --e-global-color-c696dce );\">lien entre nos clients, nos salari\u00e9s et partenaires pour la bonne gestion des\u00a0<\/span><span style=\"color: var( --e-global-color-text ); font-family: var( --e-global-typography-text-font-family ), Sans-serif; font-size: var( --e-global-typography-text-font-size ); font-style: var( --e-global-typography-text-font-style ); font-weight: var( --e-global-typography-text-font-weight ); letter-spacing: var( --e-global-typography-text-letter-spacing ); text-transform: var( --e-global-typography-text-text-transform ); background-color: var( --e-global-color-c696dce );\">chantiers de r\u00e9novation et d\u2019am\u00e9lioration de l\u2019habitat entre 300\u20ac et 5 000\u20ac.<\/span><\/p><p style=\"text-align: center;\">D\u00e9j\u00e0 d\u00e9ploy\u00e9e dans les 30 plus grandes agglom\u00e9rations fran\u00e7aises et pouss\u00e9e\u00a0<span style=\"color: var( --e-global-color-text ); font-family: var( --e-global-typography-text-font-family ), Sans-serif; font-size: var( --e-global-typography-text-font-size ); font-style: var( --e-global-typography-text-font-style ); font-weight: var( --e-global-typography-text-font-weight ); letter-spacing: var( --e-global-typography-text-letter-spacing ); text-transform: var( --e-global-typography-text-text-transform ); background-color: var( --e-global-color-c696dce );\">par une forte croissance, nous renfor\u00e7ons nos \u00e9quipes op\u00e9rationnelles au si\u00e8ge\u00a0<\/span><span style=\"color: var( --e-global-color-text ); font-family: var( --e-global-typography-text-font-family ), Sans-serif; font-size: var( --e-global-typography-text-font-size ); font-style: var( --e-global-typography-text-font-style ); font-weight: var( --e-global-typography-text-font-weight ); letter-spacing: var( --e-global-typography-text-letter-spacing ); text-transform: var( --e-global-typography-text-text-transform ); background-color: var( --e-global-color-c696dce );\">de Lille<\/span><\/p><p style=\"text-align: center;\">Dans ce cadre, nous recherchons un assistant administratif H\/F pour renforcer\u00a0<span style=\"color: var( --e-global-color-text ); font-family: var( --e-global-typography-text-font-family ), Sans-serif; font-size: var( --e-global-typography-text-font-size ); font-style: var( --e-global-typography-text-font-style ); font-weight: var( --e-global-typography-text-font-weight ); letter-spacing: var( --e-global-typography-text-letter-spacing ); text-transform: var( --e-global-typography-text-text-transform ); background-color: var( --e-global-color-c696dce );\">notre \u00e9quipe Gestion de la qualit\u00e9.<\/span><\/p>\t\t\t\t\t\t<\/div>\n\t\t\t\t<\/div>\n\t\t\t\t\t<\/div>\n\t\t<\/div>\n\t\t\t\t\t\t\t<\/div>\n\t\t<\/section>\n\t\t\t\t<section class=\"elementor-section elementor-top-section elementor-element elementor-element-d7974d8 elementor-section-boxed elementor-section-height-default elementor-section-height-default\" data-id=\"d7974d8\" data-element_type=\"section\">\n\t\t\t\t\t\t<div class=\"elementor-container elementor-column-gap-default\">\n\t\t\t\t\t<div class=\"elementor-column elementor-col-100 elementor-top-column elementor-element elementor-element-820ec1b\" data-id=\"820ec1b\" data-element_type=\"column\">\n\t\t\t<div class=\"elementor-widget-wrap elementor-element-populated\">\n\t\t\t\t\t\t\t\t<div class=\"elementor-element elementor-element-25fa78e elementor-widget elementor-widget-heading\" data-id=\"25fa78e\" data-element_type=\"widget\" data-widget_type=\"heading.default\">\n\t\t\t\t<div class=\"elementor-widget-container\">\n\t\t\t<h4 class=\"elementor-heading-title elementor-size-default\">Activit\u00e9 et t\u00e2ches<\/h4>\t\t<\/div>\n\t\t\t\t<\/div>\n\t\t\t\t<div class=\"elementor-element elementor-element-5d8375f elementor-widget elementor-widget-text-editor\" data-id=\"5d8375f\" data-element_type=\"widget\" data-widget_type=\"text-editor.default\">\n\t\t\t\t<div class=\"elementor-widget-container\">\n\t\t\t\t\t\t\t<ul><li>Traiter les emails, et les demandes de nos donneurs d&rsquo;ordre<\/li><li>Assurer la diffusion des devis aupr\u00e8s de l&rsquo;\u00e9quipe travaux<\/li><li>Remonter les informations li\u00e9es au d\u00e9but et \u00e0 la fin de chantier<\/li><li>G\u00e9rer les r\u00e9clamations de nos clients, et apporter des r\u00e9ponses rapides par email, en vous assurant de la qualit\u00e9 de r\u00e9ponse apport\u00e9e<\/li><li>Mettre \u00e0 jour les donn\u00e9es informatiques li\u00e9es au dossier : renseignement des dates de travaux dans les logiciels intranet<\/li><\/ul>\t\t\t\t\t\t<\/div>\n\t\t\t\t<\/div>\n\t\t\t\t<div class=\"elementor-element elementor-element-b5a60bd elementor-widget elementor-widget-spacer\" data-id=\"b5a60bd\" data-element_type=\"widget\" data-widget_type=\"spacer.default\">\n\t\t\t\t<div class=\"elementor-widget-container\">\n\t\t\t<style>\/*! elementor - v3.6.7 - 03-07-2022 *\/\n.e-container.e-container--row .elementor-spacer-inner{width:var(--spacer-size)}.e-container.e-container--column .elementor-spacer-inner,.elementor-column .elementor-spacer-inner{height:var(--spacer-size)}<\/style>\t\t<div class=\"elementor-spacer\">\n\t\t\t<div class=\"elementor-spacer-inner\"><\/div>\n\t\t<\/div>\n\t\t\t\t<\/div>\n\t\t\t\t<\/div>\n\t\t\t\t\t<\/div>\n\t\t<\/div>\n\t\t\t\t\t\t\t<\/div>\n\t\t<\/section>\n\t\t\t\t<section class=\"elementor-section elementor-top-section elementor-element elementor-element-b337f5e elementor-section-boxed elementor-section-height-default elementor-section-height-default\" data-id=\"b337f5e\" data-element_type=\"section\">\n\t\t\t\t\t\t<div class=\"elementor-container elementor-column-gap-default\">\n\t\t\t\t\t<div class=\"elementor-column elementor-col-100 elementor-top-column elementor-element elementor-element-d6464ee\" data-id=\"d6464ee\" data-element_type=\"column\">\n\t\t\t<div class=\"elementor-widget-wrap elementor-element-populated\">\n\t\t\t\t\t\t\t\t<div class=\"elementor-element elementor-element-bc1ff5b elementor-widget elementor-widget-heading\" data-id=\"bc1ff5b\" data-element_type=\"widget\" data-widget_type=\"heading.default\">\n\t\t\t\t<div class=\"elementor-widget-container\">\n\t\t\t<h4 class=\"elementor-heading-title elementor-size-default\">Profil recherch\u00e9<\/h4>\t\t<\/div>\n\t\t\t\t<\/div>\n\t\t\t\t<div class=\"elementor-element elementor-element-82c31fd elementor-widget elementor-widget-text-editor\" data-id=\"82c31fd\" data-element_type=\"widget\" data-widget_type=\"text-editor.default\">\n\t\t\t\t<div class=\"elementor-widget-container\">\n\t\t\t\t\t\t\t<ul><li>Bac +2 Assistant gestion PME\/PMI ou Assistant manager<\/li><li>Personnalit\u00e9 engag\u00e9e, dynamique et proactive<\/li><li>Ma\u00eetrise des outils informatiques<\/li><li>Vous appr\u00e9ciez le travail en \u00e9quipe et vous pouvez vous adapter \u00e0 l\u2019organisation collective (continuit\u00e9 du service, respect des horaires et des r\u00e8gles de fonctionnement du service).<\/li><li>Vous \u00eates rigoureux, attentif, et savez g\u00e9rer plusieurs t\u00e2ches en m\u00eame temps<\/li><\/ul>\t\t\t\t\t\t<\/div>\n\t\t\t\t<\/div>\n\t\t\t\t<div class=\"elementor-element elementor-element-de40cdb elementor-widget elementor-widget-spacer\" data-id=\"de40cdb\" data-element_type=\"widget\" data-widget_type=\"spacer.default\">\n\t\t\t\t<div class=\"elementor-widget-container\">\n\t\t\t\t\t<div class=\"elementor-spacer\">\n\t\t\t<div class=\"elementor-spacer-inner\"><\/div>\n\t\t<\/div>\n\t\t\t\t<\/div>\n\t\t\t\t<\/div>\n\t\t\t\t<div class=\"elementor-element elementor-element-a6e81ab elementor-widget elementor-widget-text-editor\" data-id=\"a6e81ab\" data-element_type=\"widget\" data-widget_type=\"text-editor.default\">\n\t\t\t\t<div class=\"elementor-widget-container\">\n\t\t\t\t\t\t\t<p>Type d&#8217;emploi : CDI Temps plein,\u00a0<\/p><p>Salaire : 1 750,00\u20ac \u00e0 1 950,00\u20ac par mois<\/p>\t\t\t\t\t\t<\/div>\n\t\t\t\t<\/div>\n\t\t\t\t<div class=\"elementor-element elementor-element-f235c0c elementor-widget elementor-widget-spacer\" data-id=\"f235c0c\" data-element_type=\"widget\" data-widget_type=\"spacer.default\">\n\t\t\t\t<div class=\"elementor-widget-container\">\n\t\t\t\t\t<div class=\"elementor-spacer\">\n\t\t\t<div class=\"elementor-spacer-inner\"><\/div>\n\t\t<\/div>\n\t\t\t\t<\/div>\n\t\t\t\t<\/div>\n\t\t\t\t\t<\/div>\n\t\t<\/div>\n\t\t\t\t\t\t\t<\/div>\n\t\t<\/section>\n\t\t\t\t<section class=\"elementor-section elementor-top-section elementor-element elementor-element-5833ccd elementor-section-boxed elementor-section-height-default elementor-section-height-default\" data-id=\"5833ccd\" data-element_type=\"section\">\n\t\t\t\t\t\t<div class=\"elementor-container elementor-column-gap-default\">\n\t\t\t\t\t<div class=\"elementor-column elementor-col-100 elementor-top-column elementor-element elementor-element-fb27dca\" data-id=\"fb27dca\" data-element_type=\"column\">\n\t\t\t<div class=\"elementor-widget-wrap elementor-element-populated\">\n\t\t\t\t\t\t\t\t<div class=\"elementor-element elementor-element-33e048d elementor-align-center elementor-widget elementor-widget-button\" data-id=\"33e048d\" data-element_type=\"widget\" data-widget_type=\"button.default\">\n\t\t\t\t<div class=\"elementor-widget-container\">\n\t\t\t\t\t<div class=\"elementor-button-wrapper\">\n\t\t\t<a href=\"#elementor-action%3Aaction%3Dpopup%3Aopen%26settings%3DeyJpZCI6IjEwNzgiLCJ0b2dnbGUiOmZhbHNlfQ%3D%3D\" class=\"elementor-button-link elementor-button elementor-size-md\" role=\"button\">\n\t\t\t\t\t\t<span class=\"elementor-button-content-wrapper\">\n\t\t\t\t\t\t<span class=\"elementor-button-text\">Postuler<\/span>\n\t\t<\/span>\n\t\t\t\t\t<\/a>\n\t\t<\/div>\n\t\t\t\t<\/div>\n\t\t\t\t<\/div>\n\t\t\t\t<div class=\"elementor-element elementor-element-631ef02 elementor-widget elementor-widget-spacer\" data-id=\"631ef02\" data-element_type=\"widget\" data-widget_type=\"spacer.default\">\n\t\t\t\t<div class=\"elementor-widget-container\">\n\t\t\t\t\t<div class=\"elementor-spacer\">\n\t\t\t<div class=\"elementor-spacer-inner\"><\/div>\n\t\t<\/div>\n\t\t\t\t<\/div>\n\t\t\t\t<\/div>\n\t\t\t\t\t<\/div>\n\t\t<\/div>\n\t\t\t\t\t\t\t<\/div>\n\t\t<\/section>\n\t\t\t\t\t\t\t<\/div>\n\t\t","protected":false},"excerpt":{"rendered":"<p>Assistant(e) administratif CDI &#8211; Lille Home Life est la solution Digital du Groupe Resilians, leader Fran\u00e7ais de\u00a0l\u2019intervention apr\u00e8s sinistre. Nous avons d\u00e9velopp\u00e9 une solution digitale nous permettant de simplifier le\u00a0lien entre nos clients, nos salari\u00e9s et partenaires pour la bonne gestion des\u00a0chantiers de r\u00e9novation et d\u2019am\u00e9lioration de l\u2019habitat entre 300\u20ac et 5 000\u20ac. D\u00e9j\u00e0 d\u00e9ploy\u00e9e [&hellip;]<\/p>\n","protected":false},"author":3,"featured_media":0,"parent":997,"menu_order":0,"comment_status":"closed","ping_status":"closed","template":"","meta":{"footnotes":""},"yoast_head":"<!-- This site is optimized with the Yoast SEO plugin v19.3 - https:\/\/yoast.com\/wordpress\/plugins\/seo\/ -->\n<title>Admin Lille - HomeLife<\/title>\n<meta name=\"robots\" content=\"index, follow, max-snippet:-1, max-image-preview:large, max-video-preview:-1\" \/>\n<link rel=\"canonical\" href=\"https:\/\/homelife.services\/index.php\/recrutement\/admin-lille\/\" \/>\n<meta property=\"og:locale\" content=\"fr_FR\" \/>\n<meta property=\"og:type\" content=\"article\" \/>\n<meta property=\"og:title\" content=\"Admin Lille - HomeLife\" \/>\n<meta property=\"og:description\" content=\"Assistant(e) administratif CDI &#8211; Lille Home Life est la solution Digital du Groupe Resilians, leader Fran\u00e7ais de\u00a0l\u2019intervention apr\u00e8s sinistre. Nous avons d\u00e9velopp\u00e9 une solution digitale nous permettant de simplifier le\u00a0lien entre nos clients, nos salari\u00e9s et partenaires pour la bonne gestion des\u00a0chantiers de r\u00e9novation et d\u2019am\u00e9lioration de l\u2019habitat entre 300\u20ac et 5 000\u20ac. D\u00e9j\u00e0 d\u00e9ploy\u00e9e [&hellip;]\" \/>\n<meta property=\"og:url\" content=\"https:\/\/homelife.services\/index.php\/recrutement\/admin-lille\/\" \/>\n<meta property=\"og:site_name\" content=\"HomeLife\" \/>\n<meta property=\"article:modified_time\" content=\"2022-08-05T12:51:27+00:00\" \/>\n<meta name=\"twitter:card\" content=\"summary_large_image\" \/>\n<meta name=\"twitter:label1\" content=\"Dur\u00e9e de lecture estim\u00e9e\" \/>\n\t<meta name=\"twitter:data1\" content=\"2 minutes\" \/>\n<script type=\"application\/ld+json\" class=\"yoast-schema-graph\">{\"@context\":\"https:\/\/schema.org\",\"@graph\":[{\"@type\":\"Organization\",\"@id\":\"https:\/\/homelife.services\/#organization\",\"name\":\"HomeLife - R\u00e9novation et embellissement de votre habitat\",\"url\":\"https:\/\/homelife.services\/\",\"sameAs\":[],\"logo\":{\"@type\":\"ImageObject\",\"inLanguage\":\"fr-FR\",\"@id\":\"https:\/\/homelife.services\/#\/schema\/logo\/image\/\",\"url\":\"https:\/\/homelife.services\/wp-content\/uploads\/2022\/05\/Logo-Home-Life-Baseline.png\",\"contentUrl\":\"https:\/\/homelife.services\/wp-content\/uploads\/2022\/05\/Logo-Home-Life-Baseline.png\",\"width\":4487,\"height\":1260,\"caption\":\"HomeLife - R\u00e9novation et embellissement de votre habitat\"},\"image\":{\"@id\":\"https:\/\/homelife.services\/#\/schema\/logo\/image\/\"}},{\"@type\":\"WebSite\",\"@id\":\"https:\/\/homelife.services\/#website\",\"url\":\"https:\/\/homelife.services\/\",\"name\":\"HomeLife\",\"description\":\"Sp\u00e9cialiste de la r\u00e9novation et de l\u2019embellissement de l\u2019habitat\",\"publisher\":{\"@id\":\"https:\/\/homelife.services\/#organization\"},\"potentialAction\":[{\"@type\":\"SearchAction\",\"target\":{\"@type\":\"EntryPoint\",\"urlTemplate\":\"https:\/\/homelife.services\/?s={search_term_string}\"},\"query-input\":\"required name=search_term_string\"}],\"inLanguage\":\"fr-FR\"},{\"@type\":\"WebPage\",\"@id\":\"https:\/\/homelife.services\/index.php\/recrutement\/admin-lille\/\",\"url\":\"https:\/\/homelife.services\/index.php\/recrutement\/admin-lille\/\",\"name\":\"Admin Lille - HomeLife\",\"isPartOf\":{\"@id\":\"https:\/\/homelife.services\/#website\"},\"datePublished\":\"2022-08-05T12:39:33+00:00\",\"dateModified\":\"2022-08-05T12:51:27+00:00\",\"breadcrumb\":{\"@id\":\"https:\/\/homelife.services\/index.php\/recrutement\/admin-lille\/#breadcrumb\"},\"inLanguage\":\"fr-FR\",\"potentialAction\":[{\"@type\":\"ReadAction\",\"target\":[\"https:\/\/homelife.services\/index.php\/recrutement\/admin-lille\/\"]}]},{\"@type\":\"BreadcrumbList\",\"@id\":\"https:\/\/homelife.services\/index.php\/recrutement\/admin-lille\/#breadcrumb\",\"itemListElement\":[{\"@type\":\"ListItem\",\"position\":1,\"name\":\"Home\",\"item\":\"https:\/\/homelife.services\/\"},{\"@type\":\"ListItem\",\"position\":2,\"name\":\"Recrutement\",\"item\":\"https:\/\/homelife.services\/index.php\/recrutement\/\"},{\"@type\":\"ListItem\",\"position\":3,\"name\":\"Admin Lille\"}]}]}<\/script>\n<!-- \/ Yoast SEO plugin. -->","yoast_head_json":{"title":"Admin Lille - HomeLife","robots":{"index":"index","follow":"follow","max-snippet":"max-snippet:-1","max-image-preview":"max-image-preview:large","max-video-preview":"max-video-preview:-1"},"canonical":"https:\/\/homelife.services\/index.php\/recrutement\/admin-lille\/","og_locale":"fr_FR","og_type":"article","og_title":"Admin Lille - HomeLife","og_description":"Assistant(e) administratif CDI &#8211; Lille Home Life est la solution Digital du Groupe Resilians, leader Fran\u00e7ais de\u00a0l\u2019intervention apr\u00e8s sinistre. Nous avons d\u00e9velopp\u00e9 une solution digitale nous permettant de simplifier le\u00a0lien entre nos clients, nos salari\u00e9s et partenaires pour la bonne gestion des\u00a0chantiers de r\u00e9novation et d\u2019am\u00e9lioration de l\u2019habitat entre 300\u20ac et 5 000\u20ac. D\u00e9j\u00e0 d\u00e9ploy\u00e9e [&hellip;]","og_url":"https:\/\/homelife.services\/index.php\/recrutement\/admin-lille\/","og_site_name":"HomeLife","article_modified_time":"2022-08-05T12:51:27+00:00","twitter_card":"summary_large_image","twitter_misc":{"Dur\u00e9e de lecture estim\u00e9e":"2 minutes"},"schema":{"@context":"https:\/\/schema.org","@graph":[{"@type":"Organization","@id":"https:\/\/homelife.services\/#organization","name":"HomeLife - R\u00e9novation et embellissement de votre habitat","url":"https:\/\/homelife.services\/","sameAs":[],"logo":{"@type":"ImageObject","inLanguage":"fr-FR","@id":"https:\/\/homelife.services\/#\/schema\/logo\/image\/","url":"https:\/\/homelife.services\/wp-content\/uploads\/2022\/05\/Logo-Home-Life-Baseline.png","contentUrl":"https:\/\/homelife.services\/wp-content\/uploads\/2022\/05\/Logo-Home-Life-Baseline.png","width":4487,"height":1260,"caption":"HomeLife - R\u00e9novation et embellissement de votre habitat"},"image":{"@id":"https:\/\/homelife.services\/#\/schema\/logo\/image\/"}},{"@type":"WebSite","@id":"https:\/\/homelife.services\/#website","url":"https:\/\/homelife.services\/","name":"HomeLife","description":"Sp\u00e9cialiste de la r\u00e9novation et de l\u2019embellissement de l\u2019habitat","publisher":{"@id":"https:\/\/homelife.services\/#organization"},"potentialAction":[{"@type":"SearchAction","target":{"@type":"EntryPoint","urlTemplate":"https:\/\/homelife.services\/?s={search_term_string}"},"query-input":"required name=search_term_string"}],"inLanguage":"fr-FR"},{"@type":"WebPage","@id":"https:\/\/homelife.services\/index.php\/recrutement\/admin-lille\/","url":"https:\/\/homelife.services\/index.php\/recrutement\/admin-lille\/","name":"Admin Lille - HomeLife","isPartOf":{"@id":"https:\/\/homelife.services\/#website"},"datePublished":"2022-08-05T12:39:33+00:00","dateModified":"2022-08-05T12:51:27+00:00","breadcrumb":{"@id":"https:\/\/homelife.services\/index.php\/recrutement\/admin-lille\/#breadcrumb"},"inLanguage":"fr-FR","potentialAction":[{"@type":"ReadAction","target":["https:\/\/homelife.services\/index.php\/recrutement\/admin-lille\/"]}]},{"@type":"BreadcrumbList","@id":"https:\/\/homelife.services\/index.php\/recrutement\/admin-lille\/#breadcrumb","itemListElement":[{"@type":"ListItem","position":1,"name":"Home","item":"https:\/\/homelife.services\/"},{"@type":"ListItem","position":2,"name":"Recrutement","item":"https:\/\/homelife.services\/index.php\/recrutement\/"},{"@type":"ListItem","position":3,"name":"Admin Lille"}]}]}},"_links":{"self":[{"href":"https:\/\/homelife.services\/index.php\/wp-json\/wp\/v2\/pages\/1217"}],"collection":[{"href":"https:\/\/homelife.services\/index.php\/wp-json\/wp\/v2\/pages"}],"about":[{"href":"https:\/\/homelife.services\/index.php\/wp-json\/wp\/v2\/types\/page"}],"author":[{"embeddable":true,"href":"https:\/\/homelife.services\/index.php\/wp-json\/wp\/v2\/users\/3"}],"replies":[{"embeddable":true,"href":"https:\/\/homelife.services\/index.php\/wp-json\/wp\/v2\/comments?post=1217"}],"version-history":[{"count":10,"href":"https:\/\/homelife.services\/index.php\/wp-json\/wp\/v2\/pages\/1217\/revisions"}],"predecessor-version":[{"id":1232,"href":"https:\/\/homelife.services\/index.php\/wp-json\/wp\/v2\/pages\/1217\/revisions\/1232"}],"up":[{"embeddable":true,"href":"https:\/\/homelife.services\/index.php\/wp-json\/wp\/v2\/pages\/997"}],"wp:attachment":[{"href":"https:\/\/homelife.services\/index.php\/wp-json\/wp\/v2\/media?parent=1217"}],"curies":[{"name":"wp","href":"https:\/\/api.w.org\/{rel}","templated":true}]}}