{"id":1101,"date":"2022-07-12T14:52:50","date_gmt":"2022-07-12T14:52:50","guid":{"rendered":"https:\/\/homelife.services\/?page_id=1101"},"modified":"2022-07-12T14:57:15","modified_gmt":"2022-07-12T14:57:15","slug":"metreur","status":"publish","type":"page","link":"https:\/\/homelife.services\/index.php\/recrutement\/metreur\/","title":{"rendered":"M\u00e9treur"},"content":{"rendered":"\t\t<div data-elementor-type=\"wp-page\" data-elementor-id=\"1101\" class=\"elementor elementor-1101\">\n\t\t\t\t\t\t\t\t\t<section class=\"elementor-section elementor-top-section elementor-element elementor-element-48af8fe elementor-section-boxed elementor-section-height-default elementor-section-height-default\" data-id=\"48af8fe\" data-element_type=\"section\">\n\t\t\t\t\t\t<div class=\"elementor-container elementor-column-gap-default\">\n\t\t\t\t\t<div class=\"elementor-column elementor-col-100 elementor-top-column elementor-element elementor-element-49c024d\" data-id=\"49c024d\" data-element_type=\"column\">\n\t\t\t<div class=\"elementor-widget-wrap elementor-element-populated\">\n\t\t\t\t\t\t\t\t<div class=\"elementor-element elementor-element-cc2d4b9 elementor-widget elementor-widget-heading\" data-id=\"cc2d4b9\" data-element_type=\"widget\" data-widget_type=\"heading.default\">\n\t\t\t\t<div class=\"elementor-widget-container\">\n\t\t\t<style>\/*! elementor - v3.6.7 - 03-07-2022 *\/\n.elementor-heading-title{padding:0;margin:0;line-height:1}.elementor-widget-heading .elementor-heading-title[class*=elementor-size-]>a{color:inherit;font-size:inherit;line-height:inherit}.elementor-widget-heading .elementor-heading-title.elementor-size-small{font-size:15px}.elementor-widget-heading .elementor-heading-title.elementor-size-medium{font-size:19px}.elementor-widget-heading .elementor-heading-title.elementor-size-large{font-size:29px}.elementor-widget-heading .elementor-heading-title.elementor-size-xl{font-size:39px}.elementor-widget-heading .elementor-heading-title.elementor-size-xxl{font-size:59px}<\/style><h2 class=\"elementor-heading-title elementor-size-default\">Charg\u00e9 d'Affaires \/ m\u00e9treur<br>apr\u00e8s sinistre B\u00e2timent<\/h2>\t\t<\/div>\n\t\t\t\t<\/div>\n\t\t\t\t<div class=\"elementor-element elementor-element-168fbde elementor-widget elementor-widget-heading\" data-id=\"168fbde\" data-element_type=\"widget\" data-widget_type=\"heading.default\">\n\t\t\t\t<div class=\"elementor-widget-container\">\n\t\t\t<h4 class=\"elementor-heading-title elementor-size-default\">CDI - Toute France<\/h4>\t\t<\/div>\n\t\t\t\t<\/div>\n\t\t\t\t<div class=\"elementor-element elementor-element-aa3f67f elementor-widget elementor-widget-text-editor\" data-id=\"aa3f67f\" data-element_type=\"widget\" data-widget_type=\"text-editor.default\">\n\t\t\t\t<div class=\"elementor-widget-container\">\n\t\t\t<style>\/*! elementor - v3.6.7 - 03-07-2022 *\/\n.elementor-widget-text-editor.elementor-drop-cap-view-stacked .elementor-drop-cap{background-color:#818a91;color:#fff}.elementor-widget-text-editor.elementor-drop-cap-view-framed .elementor-drop-cap{color:#818a91;border:3px solid;background-color:transparent}.elementor-widget-text-editor:not(.elementor-drop-cap-view-default) .elementor-drop-cap{margin-top:8px}.elementor-widget-text-editor:not(.elementor-drop-cap-view-default) .elementor-drop-cap-letter{width:1em;height:1em}.elementor-widget-text-editor .elementor-drop-cap{float:left;text-align:center;line-height:1;font-size:50px}.elementor-widget-text-editor .elementor-drop-cap-letter{display:inline-block}<\/style>\t\t\t\t<p style=\"text-align: center;\">Home Life fait partie du r\u00e9seau Resilians, leader fran\u00e7ais des interventions apr\u00e8s sinistre.&nbsp;<\/p>\n<p style=\"text-align: center;\">Nous d\u00e9veloppons une approche innovante dans l\u2019assistance apr\u00e8s-sinistres (industriels, commerciaux et<br>particuliers) sur l\u2019ensemble de nos m\u00e9tiers.<\/p>\n<p style=\"text-align: center;\">Nous sommes le partenaire majeur des assurances, des experts et des syndics sur le plan technique<br>et humain partout en France. Notre objectif est de d\u00e9velopper ce leadership en Ile de France gr\u00e2ce \u00e0<br>notre exp\u00e9rience, notre savoir-faire et \u00e0 la qualit\u00e9 de nos interventions.<\/p>\n<p style=\"text-align: center;\">Home Life est sp\u00e9cialis\u00e9 dans la r\u00e9novation et l&#8217;embellissement de l&rsquo;habitat sur des chantiers de<br>second-\u0153uvre entre 300\u20ac et 50 000\u20ac.<\/p>\n<p style=\"text-align: center;\">D\u00e9j\u00e0 d\u00e9ploy\u00e9e dans les 30 plus grandes agglom\u00e9rations fran\u00e7aises et pouss\u00e9e par une forte<br>croissance, nous renfor\u00e7ons nos \u00e9quipes terrains partout en France.<\/p>\t\t\t\t\t\t<\/div>\n\t\t\t\t<\/div>\n\t\t\t\t\t<\/div>\n\t\t<\/div>\n\t\t\t\t\t\t\t<\/div>\n\t\t<\/section>\n\t\t\t\t<section class=\"elementor-section elementor-top-section elementor-element elementor-element-2a8c38c elementor-section-boxed elementor-section-height-default elementor-section-height-default\" data-id=\"2a8c38c\" data-element_type=\"section\">\n\t\t\t\t\t\t<div class=\"elementor-container elementor-column-gap-default\">\n\t\t\t\t\t<div class=\"elementor-column elementor-col-100 elementor-top-column elementor-element elementor-element-dbb228b\" data-id=\"dbb228b\" data-element_type=\"column\">\n\t\t\t<div class=\"elementor-widget-wrap elementor-element-populated\">\n\t\t\t\t\t\t\t\t<div class=\"elementor-element elementor-element-77c7ae7 elementor-widget elementor-widget-heading\" data-id=\"77c7ae7\" data-element_type=\"widget\" data-widget_type=\"heading.default\">\n\t\t\t\t<div class=\"elementor-widget-container\">\n\t\t\t<h4 class=\"elementor-heading-title elementor-size-default\">Nos atouts<\/h4>\t\t<\/div>\n\t\t\t\t<\/div>\n\t\t\t\t<div class=\"elementor-element elementor-element-a313c63 elementor-widget elementor-widget-text-editor\" data-id=\"a313c63\" data-element_type=\"widget\" data-widget_type=\"text-editor.default\">\n\t\t\t\t<div class=\"elementor-widget-container\">\n\t\t\t\t\t\t\t<p>Nous avons une approche innovante et digitale apportant une expertise sp\u00e9cifique, garantissant<br \/>r\u00e9activit\u00e9 et qualit\u00e9 d\u2019intervention sur chaque dossier.<\/p><p>Nous b\u00e9n\u00e9ficions d\u2019un r\u00e9seau d\u2019intervenants s\u00e9lectionn\u00e9s pour leur savoir-faire, leur savoir-\u00eatre et<br \/>leur disponibilit\u00e9.<\/p>\t\t\t\t\t\t<\/div>\n\t\t\t\t<\/div>\n\t\t\t\t<div class=\"elementor-element elementor-element-53c675f elementor-widget elementor-widget-spacer\" data-id=\"53c675f\" data-element_type=\"widget\" data-widget_type=\"spacer.default\">\n\t\t\t\t<div class=\"elementor-widget-container\">\n\t\t\t<style>\/*! elementor - v3.6.7 - 03-07-2022 *\/\n.e-container.e-container--row .elementor-spacer-inner{width:var(--spacer-size)}.e-container.e-container--column .elementor-spacer-inner,.elementor-column .elementor-spacer-inner{height:var(--spacer-size)}<\/style>\t\t<div class=\"elementor-spacer\">\n\t\t\t<div class=\"elementor-spacer-inner\"><\/div>\n\t\t<\/div>\n\t\t\t\t<\/div>\n\t\t\t\t<\/div>\n\t\t\t\t\t<\/div>\n\t\t<\/div>\n\t\t\t\t\t\t\t<\/div>\n\t\t<\/section>\n\t\t\t\t<section class=\"elementor-section elementor-top-section elementor-element elementor-element-d7974d8 elementor-section-boxed elementor-section-height-default elementor-section-height-default\" data-id=\"d7974d8\" data-element_type=\"section\">\n\t\t\t\t\t\t<div class=\"elementor-container elementor-column-gap-default\">\n\t\t\t\t\t<div class=\"elementor-column elementor-col-100 elementor-top-column elementor-element elementor-element-820ec1b\" data-id=\"820ec1b\" data-element_type=\"column\">\n\t\t\t<div class=\"elementor-widget-wrap elementor-element-populated\">\n\t\t\t\t\t\t\t\t<div class=\"elementor-element elementor-element-25fa78e elementor-widget elementor-widget-heading\" data-id=\"25fa78e\" data-element_type=\"widget\" data-widget_type=\"heading.default\">\n\t\t\t\t<div class=\"elementor-widget-container\">\n\t\t\t<h4 class=\"elementor-heading-title elementor-size-default\">Vos missions<\/h4>\t\t<\/div>\n\t\t\t\t<\/div>\n\t\t\t\t<div class=\"elementor-element elementor-element-db6a2ed elementor-widget elementor-widget-text-editor\" data-id=\"db6a2ed\" data-element_type=\"widget\" data-widget_type=\"text-editor.default\">\n\t\t\t\t<div class=\"elementor-widget-container\">\n\t\t\t\t\t\t\t<p>Nous sommes \u00e0 la recherche de notre futur charg\u00e9 d\u2019Affaires \/ m\u00e9treurs apr\u00e8s sinistre B\u00e2timent,\u00a0rattach\u00e9 au responsable de la Cellule Chiffrage, avec pour objectif de d\u00e9velopper l\u2019activit\u00e9 du\u00a0chiffrage \u00e0 distance au niveau national.<\/p>\t\t\t\t\t\t<\/div>\n\t\t\t\t<\/div>\n\t\t\t\t<div class=\"elementor-element elementor-element-5d8375f elementor-widget elementor-widget-text-editor\" data-id=\"5d8375f\" data-element_type=\"widget\" data-widget_type=\"text-editor.default\">\n\t\t\t\t<div class=\"elementor-widget-container\">\n\t\t\t\t\t\t\t<ul><li>Chiffrer \u00e0 distance les constatations effectu\u00e9es par nos charg\u00e9s d\u2019Affaires locaux (Paris IDF, Lyon et Lille)<\/li><li>\u00c9laborer les devis (prestations b\u00e2timent second \u0153uvre),<\/li><li>\u00c9tablir les bons choix de fournitures clients,<\/li><li>Assurer le suivi avec le donneur d&amp;#39;ordre et transmission des informations relatives \u00e0 la pr\u00e9paration des travaux.<\/li><li>Accompagnement technique \u00e0 distance de nos intervenants r\u00e9alisant les chantiers<\/li><li>Contact avec les experts pour \u00e9valuer les travaux au plus juste<\/li><\/ul>\t\t\t\t\t\t<\/div>\n\t\t\t\t<\/div>\n\t\t\t\t<div class=\"elementor-element elementor-element-477674e elementor-widget elementor-widget-text-editor\" data-id=\"477674e\" data-element_type=\"widget\" data-widget_type=\"text-editor.default\">\n\t\t\t\t<div class=\"elementor-widget-container\">\n\t\t\t\t\t\t\t<p>Vous int\u00e9grerez une \u00e9quipe en t\u00e9l\u00e9travail ou en pr\u00e9sentielle dans nos bureaux de Lille, de Paris ou de Valence et travaillerez en \u00e9troite collaboration avec les charg\u00e9s d\u2019Affaires locaux et les charg\u00e9s de production.<\/p>\t\t\t\t\t\t<\/div>\n\t\t\t\t<\/div>\n\t\t\t\t<div class=\"elementor-element elementor-element-b5a60bd elementor-widget elementor-widget-spacer\" data-id=\"b5a60bd\" data-element_type=\"widget\" data-widget_type=\"spacer.default\">\n\t\t\t\t<div class=\"elementor-widget-container\">\n\t\t\t\t\t<div class=\"elementor-spacer\">\n\t\t\t<div class=\"elementor-spacer-inner\"><\/div>\n\t\t<\/div>\n\t\t\t\t<\/div>\n\t\t\t\t<\/div>\n\t\t\t\t\t<\/div>\n\t\t<\/div>\n\t\t\t\t\t\t\t<\/div>\n\t\t<\/section>\n\t\t\t\t<section class=\"elementor-section elementor-top-section elementor-element elementor-element-b337f5e elementor-section-boxed elementor-section-height-default elementor-section-height-default\" data-id=\"b337f5e\" data-element_type=\"section\">\n\t\t\t\t\t\t<div class=\"elementor-container elementor-column-gap-default\">\n\t\t\t\t\t<div class=\"elementor-column elementor-col-100 elementor-top-column elementor-element elementor-element-d6464ee\" data-id=\"d6464ee\" data-element_type=\"column\">\n\t\t\t<div class=\"elementor-widget-wrap elementor-element-populated\">\n\t\t\t\t\t\t\t\t<div class=\"elementor-element elementor-element-bc1ff5b elementor-widget elementor-widget-heading\" data-id=\"bc1ff5b\" data-element_type=\"widget\" data-widget_type=\"heading.default\">\n\t\t\t\t<div class=\"elementor-widget-container\">\n\t\t\t<h4 class=\"elementor-heading-title elementor-size-default\">Profil recherch\u00e9<\/h4>\t\t<\/div>\n\t\t\t\t<\/div>\n\t\t\t\t<div class=\"elementor-element elementor-element-82c31fd elementor-widget elementor-widget-text-editor\" data-id=\"82c31fd\" data-element_type=\"widget\" data-widget_type=\"text-editor.default\">\n\t\t\t\t<div class=\"elementor-widget-container\">\n\t\t\t\t\t\t\t<ul><li>BTS \u00c9tudes et \u00e9conomie de la construction ou BTS b\u00e2timent.<\/li><li>Pr\u00e9cis, rigoureux et organis\u00e9.<\/li><li>Une exp\u00e9rience terrain sur plusieurs corps d\u2019\u00e9tats (plomberie, peinture-pl\u00e2trerie, menuiserie,) ou<\/li><li>t\u00e9l\u00e9-expertise.<\/li><\/ul>\t\t\t\t\t\t<\/div>\n\t\t\t\t<\/div>\n\t\t\t\t<div class=\"elementor-element elementor-element-de40cdb elementor-widget elementor-widget-spacer\" data-id=\"de40cdb\" data-element_type=\"widget\" data-widget_type=\"spacer.default\">\n\t\t\t\t<div class=\"elementor-widget-container\">\n\t\t\t\t\t<div class=\"elementor-spacer\">\n\t\t\t<div class=\"elementor-spacer-inner\"><\/div>\n\t\t<\/div>\n\t\t\t\t<\/div>\n\t\t\t\t<\/div>\n\t\t\t\t<div class=\"elementor-element elementor-element-a6e81ab elementor-widget elementor-widget-text-editor\" data-id=\"a6e81ab\" data-element_type=\"widget\" data-widget_type=\"text-editor.default\">\n\t\t\t\t<div class=\"elementor-widget-container\">\n\t\t\t\t\t\t\t<p>Type d&#8217;emploi : CDI Temps plein,\u00a0<\/p><p>R\u00e9mun\u00e9ration : 2 000\u20ac \u00e0 2 5000\u20ac par mois<\/p>\t\t\t\t\t\t<\/div>\n\t\t\t\t<\/div>\n\t\t\t\t<div class=\"elementor-element elementor-element-f235c0c elementor-widget elementor-widget-spacer\" data-id=\"f235c0c\" data-element_type=\"widget\" data-widget_type=\"spacer.default\">\n\t\t\t\t<div class=\"elementor-widget-container\">\n\t\t\t\t\t<div class=\"elementor-spacer\">\n\t\t\t<div class=\"elementor-spacer-inner\"><\/div>\n\t\t<\/div>\n\t\t\t\t<\/div>\n\t\t\t\t<\/div>\n\t\t\t\t\t<\/div>\n\t\t<\/div>\n\t\t\t\t\t\t\t<\/div>\n\t\t<\/section>\n\t\t\t\t<section class=\"elementor-section elementor-top-section elementor-element elementor-element-5833ccd elementor-section-boxed elementor-section-height-default elementor-section-height-default\" data-id=\"5833ccd\" data-element_type=\"section\">\n\t\t\t\t\t\t<div class=\"elementor-container elementor-column-gap-default\">\n\t\t\t\t\t<div class=\"elementor-column elementor-col-100 elementor-top-column elementor-element elementor-element-fb27dca\" data-id=\"fb27dca\" data-element_type=\"column\">\n\t\t\t<div class=\"elementor-widget-wrap elementor-element-populated\">\n\t\t\t\t\t\t\t\t<div class=\"elementor-element elementor-element-33e048d elementor-align-center elementor-widget elementor-widget-button\" data-id=\"33e048d\" data-element_type=\"widget\" data-widget_type=\"button.default\">\n\t\t\t\t<div class=\"elementor-widget-container\">\n\t\t\t\t\t<div class=\"elementor-button-wrapper\">\n\t\t\t<a href=\"#elementor-action%3Aaction%3Dpopup%3Aopen%26settings%3DeyJpZCI6IjEwNzgiLCJ0b2dnbGUiOmZhbHNlfQ%3D%3D\" class=\"elementor-button-link elementor-button elementor-size-md\" role=\"button\">\n\t\t\t\t\t\t<span class=\"elementor-button-content-wrapper\">\n\t\t\t\t\t\t<span class=\"elementor-button-text\">Postuler<\/span>\n\t\t<\/span>\n\t\t\t\t\t<\/a>\n\t\t<\/div>\n\t\t\t\t<\/div>\n\t\t\t\t<\/div>\n\t\t\t\t<div class=\"elementor-element elementor-element-631ef02 elementor-widget elementor-widget-spacer\" data-id=\"631ef02\" data-element_type=\"widget\" data-widget_type=\"spacer.default\">\n\t\t\t\t<div class=\"elementor-widget-container\">\n\t\t\t\t\t<div class=\"elementor-spacer\">\n\t\t\t<div class=\"elementor-spacer-inner\"><\/div>\n\t\t<\/div>\n\t\t\t\t<\/div>\n\t\t\t\t<\/div>\n\t\t\t\t\t<\/div>\n\t\t<\/div>\n\t\t\t\t\t\t\t<\/div>\n\t\t<\/section>\n\t\t\t\t\t\t\t<\/div>\n\t\t","protected":false},"excerpt":{"rendered":"<p>Charg\u00e9 d&rsquo;Affaires \/ m\u00e9treurapr\u00e8s sinistre B\u00e2timent CDI &#8211; Toute France Home Life fait partie du r\u00e9seau Resilians, leader fran\u00e7ais des interventions apr\u00e8s sinistre.&nbsp; Nous d\u00e9veloppons une approche innovante dans l\u2019assistance apr\u00e8s-sinistres (industriels, commerciaux etparticuliers) sur l\u2019ensemble de nos m\u00e9tiers. Nous sommes le partenaire majeur des assurances, des experts et des syndics sur le plan techniqueet [&hellip;]<\/p>\n","protected":false},"author":3,"featured_media":0,"parent":997,"menu_order":0,"comment_status":"closed","ping_status":"closed","template":"","meta":{"footnotes":""},"yoast_head":"<!-- This site is optimized with the Yoast SEO plugin v19.3 - https:\/\/yoast.com\/wordpress\/plugins\/seo\/ -->\n<title>M\u00e9treur - HomeLife<\/title>\n<meta name=\"robots\" content=\"index, follow, max-snippet:-1, max-image-preview:large, max-video-preview:-1\" \/>\n<link rel=\"canonical\" href=\"https:\/\/homelife.services\/index.php\/recrutement\/metreur\/\" \/>\n<meta property=\"og:locale\" content=\"fr_FR\" \/>\n<meta property=\"og:type\" content=\"article\" \/>\n<meta property=\"og:title\" content=\"M\u00e9treur - HomeLife\" \/>\n<meta property=\"og:description\" content=\"Charg\u00e9 d&rsquo;Affaires \/ m\u00e9treurapr\u00e8s sinistre B\u00e2timent CDI &#8211; Toute France Home Life fait partie du r\u00e9seau Resilians, leader fran\u00e7ais des interventions apr\u00e8s sinistre.&nbsp; Nous d\u00e9veloppons une approche innovante dans l\u2019assistance apr\u00e8s-sinistres (industriels, commerciaux etparticuliers) sur l\u2019ensemble de nos m\u00e9tiers. Nous sommes le partenaire majeur des assurances, des experts et des syndics sur le plan techniqueet [&hellip;]\" \/>\n<meta property=\"og:url\" content=\"https:\/\/homelife.services\/index.php\/recrutement\/metreur\/\" \/>\n<meta property=\"og:site_name\" content=\"HomeLife\" \/>\n<meta property=\"article:modified_time\" content=\"2022-07-12T14:57:15+00:00\" \/>\n<meta name=\"twitter:card\" content=\"summary_large_image\" \/>\n<meta name=\"twitter:label1\" content=\"Dur\u00e9e de lecture estim\u00e9e\" \/>\n\t<meta name=\"twitter:data1\" content=\"2 minutes\" \/>\n<script type=\"application\/ld+json\" class=\"yoast-schema-graph\">{\"@context\":\"https:\/\/schema.org\",\"@graph\":[{\"@type\":\"Organization\",\"@id\":\"https:\/\/homelife.services\/#organization\",\"name\":\"HomeLife - R\u00e9novation et embellissement de votre habitat\",\"url\":\"https:\/\/homelife.services\/\",\"sameAs\":[],\"logo\":{\"@type\":\"ImageObject\",\"inLanguage\":\"fr-FR\",\"@id\":\"https:\/\/homelife.services\/#\/schema\/logo\/image\/\",\"url\":\"https:\/\/homelife.services\/wp-content\/uploads\/2022\/05\/Logo-Home-Life-Baseline.png\",\"contentUrl\":\"https:\/\/homelife.services\/wp-content\/uploads\/2022\/05\/Logo-Home-Life-Baseline.png\",\"width\":4487,\"height\":1260,\"caption\":\"HomeLife - R\u00e9novation et embellissement de votre habitat\"},\"image\":{\"@id\":\"https:\/\/homelife.services\/#\/schema\/logo\/image\/\"}},{\"@type\":\"WebSite\",\"@id\":\"https:\/\/homelife.services\/#website\",\"url\":\"https:\/\/homelife.services\/\",\"name\":\"HomeLife\",\"description\":\"Sp\u00e9cialiste de la r\u00e9novation et de l\u2019embellissement de l\u2019habitat\",\"publisher\":{\"@id\":\"https:\/\/homelife.services\/#organization\"},\"potentialAction\":[{\"@type\":\"SearchAction\",\"target\":{\"@type\":\"EntryPoint\",\"urlTemplate\":\"https:\/\/homelife.services\/?s={search_term_string}\"},\"query-input\":\"required name=search_term_string\"}],\"inLanguage\":\"fr-FR\"},{\"@type\":\"WebPage\",\"@id\":\"https:\/\/homelife.services\/index.php\/recrutement\/metreur\/\",\"url\":\"https:\/\/homelife.services\/index.php\/recrutement\/metreur\/\",\"name\":\"M\u00e9treur - HomeLife\",\"isPartOf\":{\"@id\":\"https:\/\/homelife.services\/#website\"},\"datePublished\":\"2022-07-12T14:52:50+00:00\",\"dateModified\":\"2022-07-12T14:57:15+00:00\",\"breadcrumb\":{\"@id\":\"https:\/\/homelife.services\/index.php\/recrutement\/metreur\/#breadcrumb\"},\"inLanguage\":\"fr-FR\",\"potentialAction\":[{\"@type\":\"ReadAction\",\"target\":[\"https:\/\/homelife.services\/index.php\/recrutement\/metreur\/\"]}]},{\"@type\":\"BreadcrumbList\",\"@id\":\"https:\/\/homelife.services\/index.php\/recrutement\/metreur\/#breadcrumb\",\"itemListElement\":[{\"@type\":\"ListItem\",\"position\":1,\"name\":\"Home\",\"item\":\"https:\/\/homelife.services\/\"},{\"@type\":\"ListItem\",\"position\":2,\"name\":\"Recrutement\",\"item\":\"https:\/\/homelife.services\/index.php\/recrutement\/\"},{\"@type\":\"ListItem\",\"position\":3,\"name\":\"M\u00e9treur\"}]}]}<\/script>\n<!-- \/ Yoast SEO plugin. -->","yoast_head_json":{"title":"M\u00e9treur - HomeLife","robots":{"index":"index","follow":"follow","max-snippet":"max-snippet:-1","max-image-preview":"max-image-preview:large","max-video-preview":"max-video-preview:-1"},"canonical":"https:\/\/homelife.services\/index.php\/recrutement\/metreur\/","og_locale":"fr_FR","og_type":"article","og_title":"M\u00e9treur - HomeLife","og_description":"Charg\u00e9 d&rsquo;Affaires \/ m\u00e9treurapr\u00e8s sinistre B\u00e2timent CDI &#8211; Toute France Home Life fait partie du r\u00e9seau Resilians, leader fran\u00e7ais des interventions apr\u00e8s sinistre.&nbsp; Nous d\u00e9veloppons une approche innovante dans l\u2019assistance apr\u00e8s-sinistres (industriels, commerciaux etparticuliers) sur l\u2019ensemble de nos m\u00e9tiers. Nous sommes le partenaire majeur des assurances, des experts et des syndics sur le plan techniqueet [&hellip;]","og_url":"https:\/\/homelife.services\/index.php\/recrutement\/metreur\/","og_site_name":"HomeLife","article_modified_time":"2022-07-12T14:57:15+00:00","twitter_card":"summary_large_image","twitter_misc":{"Dur\u00e9e de lecture estim\u00e9e":"2 minutes"},"schema":{"@context":"https:\/\/schema.org","@graph":[{"@type":"Organization","@id":"https:\/\/homelife.services\/#organization","name":"HomeLife - R\u00e9novation et embellissement de votre habitat","url":"https:\/\/homelife.services\/","sameAs":[],"logo":{"@type":"ImageObject","inLanguage":"fr-FR","@id":"https:\/\/homelife.services\/#\/schema\/logo\/image\/","url":"https:\/\/homelife.services\/wp-content\/uploads\/2022\/05\/Logo-Home-Life-Baseline.png","contentUrl":"https:\/\/homelife.services\/wp-content\/uploads\/2022\/05\/Logo-Home-Life-Baseline.png","width":4487,"height":1260,"caption":"HomeLife - R\u00e9novation et embellissement de votre habitat"},"image":{"@id":"https:\/\/homelife.services\/#\/schema\/logo\/image\/"}},{"@type":"WebSite","@id":"https:\/\/homelife.services\/#website","url":"https:\/\/homelife.services\/","name":"HomeLife","description":"Sp\u00e9cialiste de la r\u00e9novation et de l\u2019embellissement de l\u2019habitat","publisher":{"@id":"https:\/\/homelife.services\/#organization"},"potentialAction":[{"@type":"SearchAction","target":{"@type":"EntryPoint","urlTemplate":"https:\/\/homelife.services\/?s={search_term_string}"},"query-input":"required name=search_term_string"}],"inLanguage":"fr-FR"},{"@type":"WebPage","@id":"https:\/\/homelife.services\/index.php\/recrutement\/metreur\/","url":"https:\/\/homelife.services\/index.php\/recrutement\/metreur\/","name":"M\u00e9treur - HomeLife","isPartOf":{"@id":"https:\/\/homelife.services\/#website"},"datePublished":"2022-07-12T14:52:50+00:00","dateModified":"2022-07-12T14:57:15+00:00","breadcrumb":{"@id":"https:\/\/homelife.services\/index.php\/recrutement\/metreur\/#breadcrumb"},"inLanguage":"fr-FR","potentialAction":[{"@type":"ReadAction","target":["https:\/\/homelife.services\/index.php\/recrutement\/metreur\/"]}]},{"@type":"BreadcrumbList","@id":"https:\/\/homelife.services\/index.php\/recrutement\/metreur\/#breadcrumb","itemListElement":[{"@type":"ListItem","position":1,"name":"Home","item":"https:\/\/homelife.services\/"},{"@type":"ListItem","position":2,"name":"Recrutement","item":"https:\/\/homelife.services\/index.php\/recrutement\/"},{"@type":"ListItem","position":3,"name":"M\u00e9treur"}]}]}},"_links":{"self":[{"href":"https:\/\/homelife.services\/index.php\/wp-json\/wp\/v2\/pages\/1101"}],"collection":[{"href":"https:\/\/homelife.services\/index.php\/wp-json\/wp\/v2\/pages"}],"about":[{"href":"https:\/\/homelife.services\/index.php\/wp-json\/wp\/v2\/types\/page"}],"author":[{"embeddable":true,"href":"https:\/\/homelife.services\/index.php\/wp-json\/wp\/v2\/users\/3"}],"replies":[{"embeddable":true,"href":"https:\/\/homelife.services\/index.php\/wp-json\/wp\/v2\/comments?post=1101"}],"version-history":[{"count":7,"href":"https:\/\/homelife.services\/index.php\/wp-json\/wp\/v2\/pages\/1101\/revisions"}],"predecessor-version":[{"id":1108,"href":"https:\/\/homelife.services\/index.php\/wp-json\/wp\/v2\/pages\/1101\/revisions\/1108"}],"up":[{"embeddable":true,"href":"https:\/\/homelife.services\/index.php\/wp-json\/wp\/v2\/pages\/997"}],"wp:attachment":[{"href":"https:\/\/homelife.services\/index.php\/wp-json\/wp\/v2\/media?parent=1101"}],"curies":[{"name":"wp","href":"https:\/\/api.w.org\/{rel}","templated":true}]}}