{"id":1004,"date":"2022-07-12T08:57:44","date_gmt":"2022-07-12T08:57:44","guid":{"rendered":"https:\/\/homelife.services\/?page_id=1004"},"modified":"2022-07-12T14:33:22","modified_gmt":"2022-07-12T14:33:22","slug":"charge-daffaires-conducteur-de-travaux-alternance-idf","status":"publish","type":"page","link":"https:\/\/homelife.services\/index.php\/recrutement\/charge-daffaires-conducteur-de-travaux-alternance-idf\/","title":{"rendered":"Charg\u00e9 d&rsquo;Affaires \/ Conducteur de travaux &#8211; Alternance IDF"},"content":{"rendered":"\t\t<div data-elementor-type=\"wp-page\" data-elementor-id=\"1004\" class=\"elementor elementor-1004\">\n\t\t\t\t\t\t\t\t\t<section class=\"elementor-section elementor-top-section elementor-element elementor-element-48af8fe elementor-section-boxed elementor-section-height-default elementor-section-height-default\" data-id=\"48af8fe\" data-element_type=\"section\">\n\t\t\t\t\t\t<div class=\"elementor-container elementor-column-gap-default\">\n\t\t\t\t\t<div class=\"elementor-column elementor-col-100 elementor-top-column elementor-element elementor-element-49c024d\" data-id=\"49c024d\" data-element_type=\"column\">\n\t\t\t<div class=\"elementor-widget-wrap elementor-element-populated\">\n\t\t\t\t\t\t\t\t<div class=\"elementor-element elementor-element-cc2d4b9 elementor-widget elementor-widget-heading\" data-id=\"cc2d4b9\" data-element_type=\"widget\" data-widget_type=\"heading.default\">\n\t\t\t\t<div class=\"elementor-widget-container\">\n\t\t\t<style>\/*! elementor - v3.6.7 - 03-07-2022 *\/\n.elementor-heading-title{padding:0;margin:0;line-height:1}.elementor-widget-heading .elementor-heading-title[class*=elementor-size-]>a{color:inherit;font-size:inherit;line-height:inherit}.elementor-widget-heading .elementor-heading-title.elementor-size-small{font-size:15px}.elementor-widget-heading .elementor-heading-title.elementor-size-medium{font-size:19px}.elementor-widget-heading .elementor-heading-title.elementor-size-large{font-size:29px}.elementor-widget-heading .elementor-heading-title.elementor-size-xl{font-size:39px}.elementor-widget-heading .elementor-heading-title.elementor-size-xxl{font-size:59px}<\/style><h2 class=\"elementor-heading-title elementor-size-default\">Charg\u00e9 d'Affaires \/ Conducteur de travaux<\/h2>\t\t<\/div>\n\t\t\t\t<\/div>\n\t\t\t\t<div class=\"elementor-element elementor-element-168fbde elementor-widget elementor-widget-heading\" data-id=\"168fbde\" data-element_type=\"widget\" data-widget_type=\"heading.default\">\n\t\t\t\t<div class=\"elementor-widget-container\">\n\t\t\t<h4 class=\"elementor-heading-title elementor-size-default\">Alternance - r\u00e9gion IDF<\/h4>\t\t<\/div>\n\t\t\t\t<\/div>\n\t\t\t\t<div class=\"elementor-element elementor-element-aa3f67f elementor-widget elementor-widget-text-editor\" data-id=\"aa3f67f\" data-element_type=\"widget\" data-widget_type=\"text-editor.default\">\n\t\t\t\t<div class=\"elementor-widget-container\">\n\t\t\t<style>\/*! elementor - v3.6.7 - 03-07-2022 *\/\n.elementor-widget-text-editor.elementor-drop-cap-view-stacked .elementor-drop-cap{background-color:#818a91;color:#fff}.elementor-widget-text-editor.elementor-drop-cap-view-framed .elementor-drop-cap{color:#818a91;border:3px solid;background-color:transparent}.elementor-widget-text-editor:not(.elementor-drop-cap-view-default) .elementor-drop-cap{margin-top:8px}.elementor-widget-text-editor:not(.elementor-drop-cap-view-default) .elementor-drop-cap-letter{width:1em;height:1em}.elementor-widget-text-editor .elementor-drop-cap{float:left;text-align:center;line-height:1;font-size:50px}.elementor-widget-text-editor .elementor-drop-cap-letter{display:inline-block}<\/style>\t\t\t\t<p style=\"text-align: center;\">Home Life fait partie du r\u00e9seau Resilians, leader fran\u00e7ais des interventions apr\u00e8s sinistre.&nbsp;<\/p><p style=\"text-align: center;\">Nous d\u00e9veloppons une approche innovante dans l\u2019assistance apr\u00e8s-sinistres (industriels, commerciaux et<br>particuliers) sur l\u2019ensemble de nos m\u00e9tiers.<\/p><p style=\"text-align: center;\">Nous sommes le partenaire majeur des assurances, des experts et des syndics sur le plan technique<br>et humain partout en France. Notre objectif est de d\u00e9velopper ce leadership en Ile de France gr\u00e2ce \u00e0<br>notre exp\u00e9rience, notre savoir-faire et \u00e0 la qualit\u00e9 de nos interventions.<\/p><p style=\"text-align: center;\">Home Life est sp\u00e9cialis\u00e9 dans la r\u00e9novation et l&#8217;embellissement de l&rsquo;habitat sur des chantiers de<br>second-\u0153uvre entre 300\u20ac et 50 000\u20ac.<\/p><p style=\"text-align: center;\">D\u00e9j\u00e0 d\u00e9ploy\u00e9e dans les 30 plus grandes agglom\u00e9rations fran\u00e7aises et pouss\u00e9e par une forte<br>croissance, nous renfor\u00e7ons nos \u00e9quipes terrains partout en France.<\/p>\t\t\t\t\t\t<\/div>\n\t\t\t\t<\/div>\n\t\t\t\t\t<\/div>\n\t\t<\/div>\n\t\t\t\t\t\t\t<\/div>\n\t\t<\/section>\n\t\t\t\t<section class=\"elementor-section elementor-top-section elementor-element elementor-element-2a8c38c elementor-section-boxed elementor-section-height-default elementor-section-height-default\" data-id=\"2a8c38c\" data-element_type=\"section\">\n\t\t\t\t\t\t<div class=\"elementor-container elementor-column-gap-default\">\n\t\t\t\t\t<div class=\"elementor-column elementor-col-100 elementor-top-column elementor-element elementor-element-dbb228b\" data-id=\"dbb228b\" data-element_type=\"column\">\n\t\t\t<div class=\"elementor-widget-wrap elementor-element-populated\">\n\t\t\t\t\t\t\t\t<div class=\"elementor-element elementor-element-77c7ae7 elementor-widget elementor-widget-heading\" data-id=\"77c7ae7\" data-element_type=\"widget\" data-widget_type=\"heading.default\">\n\t\t\t\t<div class=\"elementor-widget-container\">\n\t\t\t<h4 class=\"elementor-heading-title elementor-size-default\">Nos atouts<\/h4>\t\t<\/div>\n\t\t\t\t<\/div>\n\t\t\t\t<div class=\"elementor-element elementor-element-a313c63 elementor-widget elementor-widget-text-editor\" data-id=\"a313c63\" data-element_type=\"widget\" data-widget_type=\"text-editor.default\">\n\t\t\t\t<div class=\"elementor-widget-container\">\n\t\t\t\t\t\t\t<p>Nous avons une approche innovante et digitale apportant une expertise sp\u00e9cifique, garantissant<br \/>r\u00e9activit\u00e9 et qualit\u00e9 d\u2019intervention sur chaque dossier.<\/p><p>Nous b\u00e9n\u00e9ficions d\u2019un r\u00e9seau d\u2019intervenants s\u00e9lectionn\u00e9s pour leur savoir-faire, leur savoir-\u00eatre et<br \/>leur disponibilit\u00e9.<\/p>\t\t\t\t\t\t<\/div>\n\t\t\t\t<\/div>\n\t\t\t\t<div class=\"elementor-element elementor-element-53c675f elementor-widget elementor-widget-spacer\" data-id=\"53c675f\" data-element_type=\"widget\" data-widget_type=\"spacer.default\">\n\t\t\t\t<div class=\"elementor-widget-container\">\n\t\t\t<style>\/*! elementor - v3.6.7 - 03-07-2022 *\/\n.e-container.e-container--row .elementor-spacer-inner{width:var(--spacer-size)}.e-container.e-container--column .elementor-spacer-inner,.elementor-column .elementor-spacer-inner{height:var(--spacer-size)}<\/style>\t\t<div class=\"elementor-spacer\">\n\t\t\t<div class=\"elementor-spacer-inner\"><\/div>\n\t\t<\/div>\n\t\t\t\t<\/div>\n\t\t\t\t<\/div>\n\t\t\t\t\t<\/div>\n\t\t<\/div>\n\t\t\t\t\t\t\t<\/div>\n\t\t<\/section>\n\t\t\t\t<section class=\"elementor-section elementor-top-section elementor-element elementor-element-d7974d8 elementor-section-boxed elementor-section-height-default elementor-section-height-default\" data-id=\"d7974d8\" data-element_type=\"section\">\n\t\t\t\t\t\t<div class=\"elementor-container elementor-column-gap-default\">\n\t\t\t\t\t<div class=\"elementor-column elementor-col-100 elementor-top-column elementor-element elementor-element-820ec1b\" data-id=\"820ec1b\" data-element_type=\"column\">\n\t\t\t<div class=\"elementor-widget-wrap elementor-element-populated\">\n\t\t\t\t\t\t\t\t<div class=\"elementor-element elementor-element-25fa78e elementor-widget elementor-widget-heading\" data-id=\"25fa78e\" data-element_type=\"widget\" data-widget_type=\"heading.default\">\n\t\t\t\t<div class=\"elementor-widget-container\">\n\t\t\t<h4 class=\"elementor-heading-title elementor-size-default\">Vos missions<\/h4>\t\t<\/div>\n\t\t\t\t<\/div>\n\t\t\t\t<div class=\"elementor-element elementor-element-5d8375f elementor-widget elementor-widget-text-editor\" data-id=\"5d8375f\" data-element_type=\"widget\" data-widget_type=\"text-editor.default\">\n\t\t\t\t<div class=\"elementor-widget-container\">\n\t\t\t\t\t\t\t<ul><li>Assister les Charg\u00e9s d\u2019Affaires locaux en IDF<\/li><li>Vous rendre quotidiennement sur les chantiers pour :<ul><li>Suivre les avanc\u00e9es de nos intervenant<\/li><li>Vous assurez de la bonne r\u00e9alisation des chantiers<\/li><li>Prendre les taux d\u2019humidit\u00e9s pour programmer les chantiers dans les meilleurs d\u00e9lais<\/li><li>Faire choisir les mat\u00e9riaux aux clients<\/li><li>Effectuer des constations (plan, m\u00e9tr\u00e9s, mat\u00e9riaux, photos) suite \u00e0 des d\u00e9g\u00e2ts des eaux<\/li><li>Assurer la satisfaction clients, la r\u00e9ception des travaux et \u00e0 la lev\u00e9e des r\u00e9serves ;<\/li><\/ul><\/li><li>D\u00e9velopper, animer et fid\u00e9liser un r\u00e9seau de sous-traitants second \u0153uvre ;<\/li><\/ul>\t\t\t\t\t\t<\/div>\n\t\t\t\t<\/div>\n\t\t\t\t<div class=\"elementor-element elementor-element-b5a60bd elementor-widget elementor-widget-spacer\" data-id=\"b5a60bd\" data-element_type=\"widget\" data-widget_type=\"spacer.default\">\n\t\t\t\t<div class=\"elementor-widget-container\">\n\t\t\t\t\t<div class=\"elementor-spacer\">\n\t\t\t<div class=\"elementor-spacer-inner\"><\/div>\n\t\t<\/div>\n\t\t\t\t<\/div>\n\t\t\t\t<\/div>\n\t\t\t\t\t<\/div>\n\t\t<\/div>\n\t\t\t\t\t\t\t<\/div>\n\t\t<\/section>\n\t\t\t\t<section class=\"elementor-section elementor-top-section elementor-element elementor-element-b337f5e elementor-section-boxed elementor-section-height-default elementor-section-height-default\" data-id=\"b337f5e\" data-element_type=\"section\">\n\t\t\t\t\t\t<div class=\"elementor-container elementor-column-gap-default\">\n\t\t\t\t\t<div class=\"elementor-column elementor-col-100 elementor-top-column elementor-element elementor-element-d6464ee\" data-id=\"d6464ee\" data-element_type=\"column\">\n\t\t\t<div class=\"elementor-widget-wrap elementor-element-populated\">\n\t\t\t\t\t\t\t\t<div class=\"elementor-element elementor-element-bc1ff5b elementor-widget elementor-widget-heading\" data-id=\"bc1ff5b\" data-element_type=\"widget\" data-widget_type=\"heading.default\">\n\t\t\t\t<div class=\"elementor-widget-container\">\n\t\t\t<h4 class=\"elementor-heading-title elementor-size-default\">Profil recherch\u00e9<\/h4>\t\t<\/div>\n\t\t\t\t<\/div>\n\t\t\t\t<div class=\"elementor-element elementor-element-82c31fd elementor-widget elementor-widget-text-editor\" data-id=\"82c31fd\" data-element_type=\"widget\" data-widget_type=\"text-editor.default\">\n\t\t\t\t<div class=\"elementor-widget-container\">\n\t\t\t\t\t\t\t<ul><li>Actuellement en BTS B\u00e2timent ou similaire<\/li><li>Dynamique, autonome et motiv\u00e9(e)<\/li><li>Vous justifiez d\u2019une premi\u00e8re exp\u00e9rience dans le b\u00e2timent, avec id\u00e9alement de bonnes connaissances en peinture et r\u00e9novation de murs\u00a0<\/li><li>Vous avez un excellent contact humain sp\u00e9cifiquement avec le milieu de l\u2019artisanat en b\u00e2timent, une bonne capacit\u00e9 d\u2019\u00e9coute avec un fort leadership<\/li><li>Vous \u00eates titulaires du permis de conduire et\/ou permis de moto\/scooter<\/li><\/ul>\t\t\t\t\t\t<\/div>\n\t\t\t\t<\/div>\n\t\t\t\t<div class=\"elementor-element elementor-element-a6e81ab elementor-widget elementor-widget-text-editor\" data-id=\"a6e81ab\" data-element_type=\"widget\" data-widget_type=\"text-editor.default\">\n\t\t\t\t<div class=\"elementor-widget-container\">\n\t\t\t\t\t\t\t<p>Type d&#8217;emploi : alternance ou stage<\/p>\t\t\t\t\t\t<\/div>\n\t\t\t\t<\/div>\n\t\t\t\t<div class=\"elementor-element elementor-element-f235c0c elementor-widget elementor-widget-spacer\" data-id=\"f235c0c\" data-element_type=\"widget\" data-widget_type=\"spacer.default\">\n\t\t\t\t<div class=\"elementor-widget-container\">\n\t\t\t\t\t<div class=\"elementor-spacer\">\n\t\t\t<div class=\"elementor-spacer-inner\"><\/div>\n\t\t<\/div>\n\t\t\t\t<\/div>\n\t\t\t\t<\/div>\n\t\t\t\t\t<\/div>\n\t\t<\/div>\n\t\t\t\t\t\t\t<\/div>\n\t\t<\/section>\n\t\t\t\t<section class=\"elementor-section elementor-top-section elementor-element elementor-element-5833ccd elementor-section-boxed elementor-section-height-default elementor-section-height-default\" data-id=\"5833ccd\" data-element_type=\"section\">\n\t\t\t\t\t\t<div class=\"elementor-container elementor-column-gap-default\">\n\t\t\t\t\t<div class=\"elementor-column elementor-col-100 elementor-top-column elementor-element elementor-element-fb27dca\" data-id=\"fb27dca\" data-element_type=\"column\">\n\t\t\t<div class=\"elementor-widget-wrap elementor-element-populated\">\n\t\t\t\t\t\t\t\t<div class=\"elementor-element elementor-element-33e048d elementor-align-center elementor-widget elementor-widget-button\" data-id=\"33e048d\" data-element_type=\"widget\" data-widget_type=\"button.default\">\n\t\t\t\t<div class=\"elementor-widget-container\">\n\t\t\t\t\t<div class=\"elementor-button-wrapper\">\n\t\t\t<a href=\"#elementor-action%3Aaction%3Dpopup%3Aopen%26settings%3DeyJpZCI6IjEwNzgiLCJ0b2dnbGUiOmZhbHNlfQ%3D%3D\" class=\"elementor-button-link elementor-button elementor-size-md\" role=\"button\">\n\t\t\t\t\t\t<span class=\"elementor-button-content-wrapper\">\n\t\t\t\t\t\t<span class=\"elementor-button-text\">Postuler<\/span>\n\t\t<\/span>\n\t\t\t\t\t<\/a>\n\t\t<\/div>\n\t\t\t\t<\/div>\n\t\t\t\t<\/div>\n\t\t\t\t<div class=\"elementor-element elementor-element-631ef02 elementor-widget elementor-widget-spacer\" data-id=\"631ef02\" data-element_type=\"widget\" data-widget_type=\"spacer.default\">\n\t\t\t\t<div class=\"elementor-widget-container\">\n\t\t\t\t\t<div class=\"elementor-spacer\">\n\t\t\t<div class=\"elementor-spacer-inner\"><\/div>\n\t\t<\/div>\n\t\t\t\t<\/div>\n\t\t\t\t<\/div>\n\t\t\t\t\t<\/div>\n\t\t<\/div>\n\t\t\t\t\t\t\t<\/div>\n\t\t<\/section>\n\t\t\t\t\t\t\t<\/div>\n\t\t","protected":false},"excerpt":{"rendered":"<p>Charg\u00e9 d&rsquo;Affaires \/ Conducteur de travaux Alternance &#8211; r\u00e9gion IDF Home Life fait partie du r\u00e9seau Resilians, leader fran\u00e7ais des interventions apr\u00e8s sinistre.&nbsp; Nous d\u00e9veloppons une approche innovante dans l\u2019assistance apr\u00e8s-sinistres (industriels, commerciaux etparticuliers) sur l\u2019ensemble de nos m\u00e9tiers. Nous sommes le partenaire majeur des assurances, des experts et des syndics sur le plan techniqueet [&hellip;]<\/p>\n","protected":false},"author":3,"featured_media":0,"parent":997,"menu_order":0,"comment_status":"closed","ping_status":"closed","template":"","meta":{"footnotes":""},"yoast_head":"<!-- This site is optimized with the Yoast SEO plugin v19.3 - https:\/\/yoast.com\/wordpress\/plugins\/seo\/ -->\n<title>Charg\u00e9 d&#039;Affaires \/ Conducteur de travaux - Alternance IDF - HomeLife<\/title>\n<meta name=\"robots\" content=\"index, follow, max-snippet:-1, max-image-preview:large, max-video-preview:-1\" \/>\n<link rel=\"canonical\" href=\"https:\/\/homelife.services\/index.php\/recrutement\/charge-daffaires-conducteur-de-travaux-alternance-idf\/\" \/>\n<meta property=\"og:locale\" content=\"fr_FR\" \/>\n<meta property=\"og:type\" content=\"article\" \/>\n<meta property=\"og:title\" content=\"Charg\u00e9 d&#039;Affaires \/ Conducteur de travaux - Alternance IDF - HomeLife\" \/>\n<meta property=\"og:description\" content=\"Charg\u00e9 d&rsquo;Affaires \/ Conducteur de travaux Alternance &#8211; r\u00e9gion IDF Home Life fait partie du r\u00e9seau Resilians, leader fran\u00e7ais des interventions apr\u00e8s sinistre.&nbsp; Nous d\u00e9veloppons une approche innovante dans l\u2019assistance apr\u00e8s-sinistres (industriels, commerciaux etparticuliers) sur l\u2019ensemble de nos m\u00e9tiers. Nous sommes le partenaire majeur des assurances, des experts et des syndics sur le plan techniqueet [&hellip;]\" \/>\n<meta property=\"og:url\" content=\"https:\/\/homelife.services\/index.php\/recrutement\/charge-daffaires-conducteur-de-travaux-alternance-idf\/\" \/>\n<meta property=\"og:site_name\" content=\"HomeLife\" \/>\n<meta property=\"article:modified_time\" content=\"2022-07-12T14:33:22+00:00\" \/>\n<meta name=\"twitter:card\" content=\"summary_large_image\" \/>\n<meta name=\"twitter:label1\" content=\"Dur\u00e9e de lecture estim\u00e9e\" \/>\n\t<meta name=\"twitter:data1\" content=\"2 minutes\" \/>\n<script type=\"application\/ld+json\" class=\"yoast-schema-graph\">{\"@context\":\"https:\/\/schema.org\",\"@graph\":[{\"@type\":\"Organization\",\"@id\":\"https:\/\/homelife.services\/#organization\",\"name\":\"HomeLife - R\u00e9novation et embellissement de votre habitat\",\"url\":\"https:\/\/homelife.services\/\",\"sameAs\":[],\"logo\":{\"@type\":\"ImageObject\",\"inLanguage\":\"fr-FR\",\"@id\":\"https:\/\/homelife.services\/#\/schema\/logo\/image\/\",\"url\":\"https:\/\/homelife.services\/wp-content\/uploads\/2022\/05\/Logo-Home-Life-Baseline.png\",\"contentUrl\":\"https:\/\/homelife.services\/wp-content\/uploads\/2022\/05\/Logo-Home-Life-Baseline.png\",\"width\":4487,\"height\":1260,\"caption\":\"HomeLife - R\u00e9novation et embellissement de votre habitat\"},\"image\":{\"@id\":\"https:\/\/homelife.services\/#\/schema\/logo\/image\/\"}},{\"@type\":\"WebSite\",\"@id\":\"https:\/\/homelife.services\/#website\",\"url\":\"https:\/\/homelife.services\/\",\"name\":\"HomeLife\",\"description\":\"Sp\u00e9cialiste de la r\u00e9novation et de l\u2019embellissement de l\u2019habitat\",\"publisher\":{\"@id\":\"https:\/\/homelife.services\/#organization\"},\"potentialAction\":[{\"@type\":\"SearchAction\",\"target\":{\"@type\":\"EntryPoint\",\"urlTemplate\":\"https:\/\/homelife.services\/?s={search_term_string}\"},\"query-input\":\"required name=search_term_string\"}],\"inLanguage\":\"fr-FR\"},{\"@type\":\"WebPage\",\"@id\":\"https:\/\/homelife.services\/index.php\/recrutement\/charge-daffaires-conducteur-de-travaux-alternance-idf\/\",\"url\":\"https:\/\/homelife.services\/index.php\/recrutement\/charge-daffaires-conducteur-de-travaux-alternance-idf\/\",\"name\":\"Charg\u00e9 d'Affaires \/ Conducteur de travaux - Alternance IDF - HomeLife\",\"isPartOf\":{\"@id\":\"https:\/\/homelife.services\/#website\"},\"datePublished\":\"2022-07-12T08:57:44+00:00\",\"dateModified\":\"2022-07-12T14:33:22+00:00\",\"breadcrumb\":{\"@id\":\"https:\/\/homelife.services\/index.php\/recrutement\/charge-daffaires-conducteur-de-travaux-alternance-idf\/#breadcrumb\"},\"inLanguage\":\"fr-FR\",\"potentialAction\":[{\"@type\":\"ReadAction\",\"target\":[\"https:\/\/homelife.services\/index.php\/recrutement\/charge-daffaires-conducteur-de-travaux-alternance-idf\/\"]}]},{\"@type\":\"BreadcrumbList\",\"@id\":\"https:\/\/homelife.services\/index.php\/recrutement\/charge-daffaires-conducteur-de-travaux-alternance-idf\/#breadcrumb\",\"itemListElement\":[{\"@type\":\"ListItem\",\"position\":1,\"name\":\"Home\",\"item\":\"https:\/\/homelife.services\/\"},{\"@type\":\"ListItem\",\"position\":2,\"name\":\"Recrutement\",\"item\":\"https:\/\/homelife.services\/index.php\/recrutement\/\"},{\"@type\":\"ListItem\",\"position\":3,\"name\":\"Charg\u00e9 d&#8217;Affaires \/ Conducteur de travaux &#8211; Alternance IDF\"}]}]}<\/script>\n<!-- \/ Yoast SEO plugin. -->","yoast_head_json":{"title":"Charg\u00e9 d'Affaires \/ Conducteur de travaux - Alternance IDF - HomeLife","robots":{"index":"index","follow":"follow","max-snippet":"max-snippet:-1","max-image-preview":"max-image-preview:large","max-video-preview":"max-video-preview:-1"},"canonical":"https:\/\/homelife.services\/index.php\/recrutement\/charge-daffaires-conducteur-de-travaux-alternance-idf\/","og_locale":"fr_FR","og_type":"article","og_title":"Charg\u00e9 d'Affaires \/ Conducteur de travaux - Alternance IDF - HomeLife","og_description":"Charg\u00e9 d&rsquo;Affaires \/ Conducteur de travaux Alternance &#8211; r\u00e9gion IDF Home Life fait partie du r\u00e9seau Resilians, leader fran\u00e7ais des interventions apr\u00e8s sinistre.&nbsp; Nous d\u00e9veloppons une approche innovante dans l\u2019assistance apr\u00e8s-sinistres (industriels, commerciaux etparticuliers) sur l\u2019ensemble de nos m\u00e9tiers. Nous sommes le partenaire majeur des assurances, des experts et des syndics sur le plan techniqueet [&hellip;]","og_url":"https:\/\/homelife.services\/index.php\/recrutement\/charge-daffaires-conducteur-de-travaux-alternance-idf\/","og_site_name":"HomeLife","article_modified_time":"2022-07-12T14:33:22+00:00","twitter_card":"summary_large_image","twitter_misc":{"Dur\u00e9e de lecture estim\u00e9e":"2 minutes"},"schema":{"@context":"https:\/\/schema.org","@graph":[{"@type":"Organization","@id":"https:\/\/homelife.services\/#organization","name":"HomeLife - R\u00e9novation et embellissement de votre habitat","url":"https:\/\/homelife.services\/","sameAs":[],"logo":{"@type":"ImageObject","inLanguage":"fr-FR","@id":"https:\/\/homelife.services\/#\/schema\/logo\/image\/","url":"https:\/\/homelife.services\/wp-content\/uploads\/2022\/05\/Logo-Home-Life-Baseline.png","contentUrl":"https:\/\/homelife.services\/wp-content\/uploads\/2022\/05\/Logo-Home-Life-Baseline.png","width":4487,"height":1260,"caption":"HomeLife - R\u00e9novation et embellissement de votre habitat"},"image":{"@id":"https:\/\/homelife.services\/#\/schema\/logo\/image\/"}},{"@type":"WebSite","@id":"https:\/\/homelife.services\/#website","url":"https:\/\/homelife.services\/","name":"HomeLife","description":"Sp\u00e9cialiste de la r\u00e9novation et de l\u2019embellissement de l\u2019habitat","publisher":{"@id":"https:\/\/homelife.services\/#organization"},"potentialAction":[{"@type":"SearchAction","target":{"@type":"EntryPoint","urlTemplate":"https:\/\/homelife.services\/?s={search_term_string}"},"query-input":"required name=search_term_string"}],"inLanguage":"fr-FR"},{"@type":"WebPage","@id":"https:\/\/homelife.services\/index.php\/recrutement\/charge-daffaires-conducteur-de-travaux-alternance-idf\/","url":"https:\/\/homelife.services\/index.php\/recrutement\/charge-daffaires-conducteur-de-travaux-alternance-idf\/","name":"Charg\u00e9 d'Affaires \/ Conducteur de travaux - Alternance IDF - HomeLife","isPartOf":{"@id":"https:\/\/homelife.services\/#website"},"datePublished":"2022-07-12T08:57:44+00:00","dateModified":"2022-07-12T14:33:22+00:00","breadcrumb":{"@id":"https:\/\/homelife.services\/index.php\/recrutement\/charge-daffaires-conducteur-de-travaux-alternance-idf\/#breadcrumb"},"inLanguage":"fr-FR","potentialAction":[{"@type":"ReadAction","target":["https:\/\/homelife.services\/index.php\/recrutement\/charge-daffaires-conducteur-de-travaux-alternance-idf\/"]}]},{"@type":"BreadcrumbList","@id":"https:\/\/homelife.services\/index.php\/recrutement\/charge-daffaires-conducteur-de-travaux-alternance-idf\/#breadcrumb","itemListElement":[{"@type":"ListItem","position":1,"name":"Home","item":"https:\/\/homelife.services\/"},{"@type":"ListItem","position":2,"name":"Recrutement","item":"https:\/\/homelife.services\/index.php\/recrutement\/"},{"@type":"ListItem","position":3,"name":"Charg\u00e9 d&#8217;Affaires \/ Conducteur de travaux &#8211; Alternance IDF"}]}]}},"_links":{"self":[{"href":"https:\/\/homelife.services\/index.php\/wp-json\/wp\/v2\/pages\/1004"}],"collection":[{"href":"https:\/\/homelife.services\/index.php\/wp-json\/wp\/v2\/pages"}],"about":[{"href":"https:\/\/homelife.services\/index.php\/wp-json\/wp\/v2\/types\/page"}],"author":[{"embeddable":true,"href":"https:\/\/homelife.services\/index.php\/wp-json\/wp\/v2\/users\/3"}],"replies":[{"embeddable":true,"href":"https:\/\/homelife.services\/index.php\/wp-json\/wp\/v2\/comments?post=1004"}],"version-history":[{"count":21,"href":"https:\/\/homelife.services\/index.php\/wp-json\/wp\/v2\/pages\/1004\/revisions"}],"predecessor-version":[{"id":1084,"href":"https:\/\/homelife.services\/index.php\/wp-json\/wp\/v2\/pages\/1004\/revisions\/1084"}],"up":[{"embeddable":true,"href":"https:\/\/homelife.services\/index.php\/wp-json\/wp\/v2\/pages\/997"}],"wp:attachment":[{"href":"https:\/\/homelife.services\/index.php\/wp-json\/wp\/v2\/media?parent=1004"}],"curies":[{"name":"wp","href":"https:\/\/api.w.org\/{rel}","templated":true}]}}